{"id":59,"date":"2026-05-10T10:11:03","date_gmt":"2026-05-10T10:11:03","guid":{"rendered":"https:\/\/romarin.ro\/?page_id=59"},"modified":"2026-05-10T11:38:22","modified_gmt":"2026-05-10T11:38:22","slug":"contact","status":"publish","type":"page","link":"https:\/\/romarin.ro\/?page_id=59","title":{"rendered":"CONTACT"},"content":{"rendered":"<p>V\u0103 rug\u0103m s\u0103 ne trimite\u021bi un mesaj la adresa office [at] romarin.ro\u00a0.<\/p>\n","protected":false},"excerpt":{"rendered":"<p>V\u0103 rug\u0103m s\u0103 ne trimite\u021bi un mesaj la adresa office [at] romarin.ro\u00a0.<\/p>\n","protected":false},"author":1,"featured_media":0,"parent":0,"menu_order":0,"comment_status":"closed","ping_status":"closed","template":"","meta":{"footnotes":""},"class_list":["post-59","page","type-page","status-publish","hentry"],"_links":{"self":[{"href":"https:\/\/romarin.ro\/index.php?rest_route=\/wp\/v2\/pages\/59","targetHints":{"allow":["GET"]}}],"collection":[{"href":"https:\/\/romarin.ro\/index.php?rest_route=\/wp\/v2\/pages"}],"about":[{"href":"https:\/\/romarin.ro\/index.php?rest_route=\/wp\/v2\/types\/page"}],"author":[{"embeddable":true,"href":"https:\/\/romarin.ro\/index.php?rest_route=\/wp\/v2\/users\/1"}],"replies":[{"embeddable":true,"href":"https:\/\/romarin.ro\/index.php?rest_route=%2Fwp%2Fv2%2Fcomments&post=59"}],"version-history":[{"count":3,"href":"https:\/\/romarin.ro\/index.php?rest_route=\/wp\/v2\/pages\/59\/revisions"}],"predecessor-version":[{"id":71,"href":"https:\/\/romarin.ro\/index.php?rest_route=\/wp\/v2\/pages\/59\/revisions\/71"}],"wp:attachment":[{"href":"https:\/\/romarin.ro\/index.php?rest_route=%2Fwp%2Fv2%2Fmedia&parent=59"}],"curies":[{"name":"wp","href":"https:\/\/api.w.org\/{rel}","templated":true}]}}