{"id":56,"date":"2026-05-10T10:09:13","date_gmt":"2026-05-10T10:09:13","guid":{"rendered":"https:\/\/romarin.ro\/?page_id=56"},"modified":"2026-05-10T10:20:57","modified_gmt":"2026-05-10T10:20:57","slug":"servicii-managementul-organizatiei","status":"publish","type":"page","link":"https:\/\/romarin.ro\/?page_id=56","title":{"rendered":"SERVICII MANAGEMENTUL ORGANIZA\u0162IEI"},"content":{"rendered":"<ul>\n<li>Elaborare\/actualizare statut, contract societate comercial\u0103;<\/li>\n<li>Elaborare contract colectiv de munc\u0103;<\/li>\n<li>Elaborare regulament intern;<\/li>\n<li>Optimizare organigram\u0103 de func\u021bionare;<\/li>\n<li>Elaborare fi\u0219\u0103 de post;<\/li>\n<li>\u00centocmire contract individual de munc\u0103;<\/li>\n<li>\u00centocmire acte adi\u021bionale la contractul individual de munc\u0103;<\/li>\n<li>Completare decizii privind executarea contractului individual de munc\u0103;<\/li>\n<li>Completare fi\u0219\u0103 de solicitare pentru efectuarea controalelor medicale la angajare \u0219i periodice.<\/li>\n<\/ul>\n","protected":false},"excerpt":{"rendered":"<p>Elaborare\/actualizare statut, contract societate comercial\u0103; Elaborare contract colectiv de munc\u0103; Elaborare regulament intern; Optimizare organigram\u0103 de func\u021bionare; Elaborare fi\u0219\u0103 de post; \u00centocmire contract individual de munc\u0103; \u00centocmire acte adi\u021bionale la contractul individual de munc\u0103; Completare decizii privind executarea contractului individual de munc\u0103; Completare fi\u0219\u0103 de solicitare pentru efectuarea controalelor medicale la angajare \u0219i periodice.<\/p>\n","protected":false},"author":1,"featured_media":0,"parent":0,"menu_order":0,"comment_status":"closed","ping_status":"closed","template":"","meta":{"footnotes":""},"class_list":["post-56","page","type-page","status-publish","hentry"],"_links":{"self":[{"href":"https:\/\/romarin.ro\/index.php?rest_route=\/wp\/v2\/pages\/56","targetHints":{"allow":["GET"]}}],"collection":[{"href":"https:\/\/romarin.ro\/index.php?rest_route=\/wp\/v2\/pages"}],"about":[{"href":"https:\/\/romarin.ro\/index.php?rest_route=\/wp\/v2\/types\/page"}],"author":[{"embeddable":true,"href":"https:\/\/romarin.ro\/index.php?rest_route=\/wp\/v2\/users\/1"}],"replies":[{"embeddable":true,"href":"https:\/\/romarin.ro\/index.php?rest_route=%2Fwp%2Fv2%2Fcomments&post=56"}],"version-history":[{"count":4,"href":"https:\/\/romarin.ro\/index.php?rest_route=\/wp\/v2\/pages\/56\/revisions"}],"predecessor-version":[{"id":69,"href":"https:\/\/romarin.ro\/index.php?rest_route=\/wp\/v2\/pages\/56\/revisions\/69"}],"wp:attachment":[{"href":"https:\/\/romarin.ro\/index.php?rest_route=%2Fwp%2Fv2%2Fmedia&parent=56"}],"curies":[{"name":"wp","href":"https:\/\/api.w.org\/{rel}","templated":true}]}}