{"id":53,"date":"2026-05-10T10:08:02","date_gmt":"2026-05-10T10:08:02","guid":{"rendered":"https:\/\/romarin.ro\/?page_id=53"},"modified":"2026-05-10T10:16:42","modified_gmt":"2026-05-10T10:16:42","slug":"evaluarea-riscurilor","status":"publish","type":"page","link":"https:\/\/romarin.ro\/?page_id=53","title":{"rendered":"EVALUAREA RISCURILOR"},"content":{"rendered":"<p><b><strong>Evaluarea riscurilor<\/strong><\/b>\u00a0este o activitate institu\u0163ionalizat\u0103 prin care se identific\u0103 factorii de risc dintr-un sistem de munc\u0103 \u015fi se cuantific\u0103 dimensiunea lor printr-o combina\u0163ie \u00eentre gravitatea \u015fi frecven\u0163a consecin\u0163elor asupra factorului uman.<\/p>\n<p>&nbsp;<\/p>\n<p><b><strong>Scopul evalu\u0103rii \u00eel constituie:<\/strong><\/b><\/p>\n<ul>\n<li>Determinarea cantitativ\u0103 a nivelului de risc pe loc de munc\u0103\/activitate;<\/li>\n<li>Stabilirea nivelului de risc rezidual pe loc de munc\u0103\/activitate;<\/li>\n<li>Stabilirea nivelului de risc rezidual global pe societate;<\/li>\n<li>De a oferi un instrument managerial pentru a controla riscurile \u00eenainte ca acestea s\u0103 se manifeste \u015fi pentru a fundamenta\u00a0un stil managerial proactiv pe linie de securitate \u015fi s\u0103n\u0103tate \u00een munc\u0103;<\/li>\n<\/ul>\n<p>&nbsp;<\/p>\n<p><b><strong>Metoda de evaluare utilizat\u0103<\/strong><\/b>\u00a0este o procedur\u0103 de examinare sistematic\u0103 a factorilor de risc, bazat\u0103 pe combina\u0163ia dintre gravitate \u015fi probabilitate, principii recunoscute la nivel european.<\/p>\n<p><b><strong>Lucrarea va con\u0163ine:<\/strong><\/b><\/p>\n<ul>\n<li>Prezentarea metodei de evaluare a riscurilor de accidentare;<\/li>\n<li>Constituirea echipei de analiz\u0103 \u015fi evaluare;<\/li>\n<li>Descrierea sistemului de munc\u0103 din cadrul societ\u0103\u0163ii;<\/li>\n<li>Evaluarea riscurilor pentru locul de munc\u0103\/activitate:<\/li>\n<\/ul>\n<p>o\u00a0\u00a0\u00a0Fi\u015fa de evaluare a locului de munc\u0103 \/activit\u0103\u0163ii (identificarea factorilor de risc, a personalului expus, cuantificarea nivelului de risc);<\/p>\n<p>o\u00a0\u00a0\u00a0Graficul de prezentare al nivelului de risc pentru factorii de risc de la fiecare loc de munc\u0103 \/activitate;<\/p>\n<p>o\u00a0\u00a0\u00a0Prezentarea formei concrete de manifestare a factorilor de risc de la locul de munc\u0103 \/activitate;<\/p>\n<p>o\u00a0\u00a0\u00a0Graficul de prezentare al factorilor de risc identifica\u0163i dup\u0103 elementele sistemului de munc\u0103 pentru locul de munc\u0103 \/activitate;<\/p>\n<ul>\n<li>Fi\u015fa de m\u0103suri de prevenire \u015fi protec\u0163ie propuse;<\/li>\n<li>Calculul nivelului de risc rezidual global la nivel de societate.<\/li>\n<\/ul>\n<p>&nbsp;<\/p>\n<p><b><strong>Pe baza evalu\u0103rii riscurilor se vor stabili:<\/strong><\/b><\/p>\n<ul>\n<li>Planuri de prevenire \u015fi protectie cu m\u0103suri tehnice, organizatorice \u015fi igienico-sanitare care au ca obiectiv principal elimiarea, evitarea sau diminuarea ac\u0163iunii factorilor de risc identificati;<\/li>\n<li>Managementul (gestionarea \u015fi monitorizarea) riscurilor.<\/li>\n<\/ul>\n<p>&nbsp;<\/p>\n","protected":false},"excerpt":{"rendered":"<p>Evaluarea riscurilor\u00a0este o activitate institu\u0163ionalizat\u0103 prin care se identific\u0103 factorii de risc dintr-un sistem de munc\u0103 \u015fi se cuantific\u0103 dimensiunea lor printr-o combina\u0163ie \u00eentre gravitatea \u015fi frecven\u0163a consecin\u0163elor asupra factorului uman. &nbsp; Scopul evalu\u0103rii \u00eel constituie: Determinarea cantitativ\u0103 a nivelului de risc pe loc de munc\u0103\/activitate; Stabilirea nivelului de risc rezidual pe loc de munc\u0103\/activitate; [&hellip;]<\/p>\n","protected":false},"author":1,"featured_media":0,"parent":0,"menu_order":0,"comment_status":"closed","ping_status":"closed","template":"","meta":{"footnotes":""},"class_list":["post-53","page","type-page","status-publish","hentry"],"_links":{"self":[{"href":"https:\/\/romarin.ro\/index.php?rest_route=\/wp\/v2\/pages\/53","targetHints":{"allow":["GET"]}}],"collection":[{"href":"https:\/\/romarin.ro\/index.php?rest_route=\/wp\/v2\/pages"}],"about":[{"href":"https:\/\/romarin.ro\/index.php?rest_route=\/wp\/v2\/types\/page"}],"author":[{"embeddable":true,"href":"https:\/\/romarin.ro\/index.php?rest_route=\/wp\/v2\/users\/1"}],"replies":[{"embeddable":true,"href":"https:\/\/romarin.ro\/index.php?rest_route=%2Fwp%2Fv2%2Fcomments&post=53"}],"version-history":[{"count":2,"href":"https:\/\/romarin.ro\/index.php?rest_route=\/wp\/v2\/pages\/53\/revisions"}],"predecessor-version":[{"id":65,"href":"https:\/\/romarin.ro\/index.php?rest_route=\/wp\/v2\/pages\/53\/revisions\/65"}],"wp:attachment":[{"href":"https:\/\/romarin.ro\/index.php?rest_route=%2Fwp%2Fv2%2Fmedia&parent=53"}],"curies":[{"name":"wp","href":"https:\/\/api.w.org\/{rel}","templated":true}]}}