{"id":50,"date":"2026-05-10T10:07:19","date_gmt":"2026-05-10T10:07:19","guid":{"rendered":"https:\/\/romarin.ro\/?page_id=50"},"modified":"2026-05-10T10:19:05","modified_gmt":"2026-05-10T10:19:05","slug":"servicii-privind-implementarea-sistemelor-de-management","status":"publish","type":"page","link":"https:\/\/romarin.ro\/?page_id=50","title":{"rendered":"SERVICII PRIVIND IMPLEMENTAREA SISTEMELOR DE MANAGEMENT"},"content":{"rendered":"<p><b><strong>Sistem de management al calit\u0103\u0163ii ISO 9001<\/strong><\/b><\/p>\n<p><b><strong>ISO 9001\u00a0<\/strong><\/b>a devenit cel mai r\u0103sp\u0103ndit sistem de management al calit\u0103\u0163ii, organiza\u0163iile fiind din ce \u00een ce mai interesate de implementarea \u015fi certificarea acestuia.<\/p>\n<p><b><strong>\u00a0<\/strong><\/b><\/p>\n<p><b><strong>Beneficiile implement\u0103rii unui astfel de standard sunt:<\/strong><\/b><\/p>\n<ul>\n<li>\u00cendeplinirea politicii \u015fi a obiectivelor organiza\u0163iei;<\/li>\n<li>C\u00e2\u015ftigarea \u00eencrederii clien\u0163ilor;<\/li>\n<li>Cre\u015fterea satisfac\u0163iei clien\u0163ilor;<\/li>\n<li>\u00cembun\u0103t\u0103\u0163irea continua a performan\u0163ei generale;<\/li>\n<li>Adaptarea activ\u0103 \u015fi sistematic\u0103 la modific\u0103rile condi\u0163iilor pie\u0163ei;<\/li>\n<li>Satisfac\u0163ia angaja\u0163ilor;<\/li>\n<li>\u00cembun\u0103t\u0103\u0163irea performan\u0163ei;<\/li>\n<li>Transparen\u0163a \u015fi eficien\u0163a proceselor interne ale organiza\u0163iei;<\/li>\n<li>Evitarea erorilor \u00een locul corect\u0103rii lor;<\/li>\n<li>Economie de timp \u015fi bani.<\/li>\n<\/ul>\n<p><b><strong>\u00a0<\/strong><\/b><\/p>\n<p><b><strong>Sistem de management al s\u0103n\u0103t\u0103\u0163ii \u015fi securit\u0103\u0163ii ocupa\u0163ionale OHSAS 18001<\/strong><\/b><\/p>\n<p>Faptul ca o societate este certificata \u00een conformitate cu standardul<b><strong>\u00a0OHSAS 18001<\/strong><\/b>, prezint\u0103 cu certitudine dovada c\u0103 organiza\u0163ia protejeaz\u0103 s\u0103natatea \u015fi securitatea angaja\u0163ilor, cu ajutorul unui sistem bine prestabilit.<\/p>\n<p><b><strong>\u00a0<\/strong><\/b><\/p>\n<p><b><strong>Beneficiile implement\u0103rii unui astfel de standard sunt:<\/strong><\/b><\/p>\n<ul>\n<li>Men\u0163inerea sub control a riscurilor profesionale prin determinarea real\u0103 a riscurilor la locurile de munc\u0103;<\/li>\n<li>Reducerea num\u0103rului de accidente datorit\u0103 sistematiz\u0103rii tuturor activit\u0103\u0163ilor relevante pentru s\u0103n\u0103tatea \u015fi securitatea muncii;<\/li>\n<li>Riscuri reduse \u2013 costuri reduse;<\/li>\n<li>Siguran\u0163a legislatiei juridice datorit\u0103 stricte\u0163ei aplic\u0103rii tuturor legilor \u015fi reglement\u0103rilor aplicabile;<\/li>\n<li>Identificarea \u015fi motivarea crescut\u0103 a angaja\u0163iilor datorit\u0103 implement\u0103rii managementului \u00een procesele OHSAS;<\/li>\n<li>Pierderi materiale reduse datorit\u0103 accidentelor \u00een munc\u0103;<\/li>\n<li>Reducerea contribu\u0163iei de asigurare pentru accidente de mun\u0103 \u015fi boli profesionale;<\/li>\n<li>Imagine \u00eembun\u0103t\u0103\u0163it\u0103 \u015fi abilitate competitiv\u0103 prin intermediul performan\u0163ei sistemului;<\/li>\n<\/ul>\n<p><b><strong><em>Evaluarea riscurilor de securitate \u015fi s\u0103n\u0103tate \u00een munc\u0103 pentru toate func\u0163iile din organiza\u0163ie \u015fi evaluarea conform\u0103rii cu legisla\u0163ia aplicabil\u0103 sunt printre elementele critice ale acestui sistem.<\/em><\/strong><\/b><\/p>\n<p><b><strong>Sistem de management de mediu ISO 14001<\/strong><\/b><\/p>\n<p><b><strong>ISO 14001<\/strong><\/b>\u00a0este un standard cu larg\u0103 recunoa\u015ftere interna\u0163ional\u0103 care con\u0163ine cerin\u0163e obligatorii referitoare la respectarea legisla\u0163iei sau altor reglement\u0103ri de mediu aplicabile \u015fi reprezint\u0103 standardul de referin\u0163\u0103 pentru implementarea unui sistem de management al mediului propus de speciali\u015ftii forului interna\u0163ional de standardizare. \u015ei toate acestea \u00een vederea sprijinirii organiza\u0163iilor interesate \u00een atingerea obiectivelor referitoare la mediu \u015fi a celor economice, dar \u015fi aspecte de ordin strategic \u015fi concuren\u0163ial, prin sus\u0163inerea protec\u0163iei mediului \u015fi a prevenirii polu\u0103rii.<\/p>\n<p><b><strong>\u00a0<\/strong><\/b><\/p>\n<p><b><strong>Beneficiile implement\u0103rii unui astfel de standard sunt:<\/strong><\/b><\/p>\n<ul>\n<li>Sistematizarea tuturor activit\u0103\u0163ilor de mediu relevante care duce la reducerea riscurilor de mediu;<\/li>\n<li>Cre\u015fterea \u00eencrederii comunit\u0103\u0163ii, agen\u0163iilor guvernamentale, a b\u0103ncilor, asiguratorilor \u015fi a clien\u0163ilor;<\/li>\n<li>\u00cembun\u0103t\u0103\u0163irea performan\u0163ei mediului prin intermediul organiza\u0163iei;<\/li>\n<li>Economie de costuri printr-o g\u00e2ndire \u015fi ac\u0163iune sistematic\u0103 \u015fi pro-activ\u0103;<\/li>\n<li>Siguran\u0163a legal\u0103 ca urmare a observ\u0103rii sistematice a legisla\u0163iei de mediu relevante \u015fi a reglement\u0103rilor prin intermediul c\u0103reia este implementat\u0103.<\/li>\n<\/ul>\n<p><b><strong>\u00a0<\/strong><\/b><\/p>\n<p><b><strong>Sistem integrat de management<\/strong><\/b><\/p>\n<p>Implementarea sistemelor integrate de management reprezint\u0103 cea mai bun\u0103 solu\u0163ie pentru o organiza\u0163ie orientat\u0103 c\u0103tre birocra\u0163ie minim\u0103.<\/p>\n<p><b><strong>\u00a0<\/strong><\/b><\/p>\n<p><b><strong>Beneficiile implement\u0103rii unui sistem integrat de management sunt:<\/strong><\/b><\/p>\n<ul>\n<li>Simplificarea sistemelor de management deja existente, \u00een cazul \u00een care acestea exist\u0103;<\/li>\n<li>Abordarea consistent\u0103 \u015fi integrat\u0103 a cerin\u0163elor comune standardelor;<\/li>\n<li>Optimizarea consumului de resurse\u00a0\u00a0utilizate (documenta\u0163ie la nivel minim);<\/li>\n<li>Mic\u015forarea costurilor de men\u0163inere a mai multor sisteme de management;<\/li>\n<li>Stabilirea unui cadru unic pentru \u00eembun\u0103t\u0103\u0163irea continu\u0103 a tuturor standardelor;<\/li>\n<li>Costuri mai mici la certificare (\u00een compara\u0163ie cu fiecare sistem auditat \u015fi certificat separat).<\/li>\n<\/ul>\n<p><b><strong><em>Un sistem integrat de management reprezint\u0103 o abordare managerial\u0103 logic\u0103 \u015fi sistematic\u0103, ceea ce permite implementarea de decizii strategice \u015fi opera\u0163ionale optime care iau \u00een considerare toate aspectele esen\u0163iale ale afacerii sau activit\u0103\u0163ilor.<\/em><\/strong><\/b><\/p>\n","protected":false},"excerpt":{"rendered":"<p>Sistem de management al calit\u0103\u0163ii ISO 9001 ISO 9001\u00a0a devenit cel mai r\u0103sp\u0103ndit sistem de management al calit\u0103\u0163ii, organiza\u0163iile fiind din ce \u00een ce mai interesate de implementarea \u015fi certificarea acestuia. \u00a0 Beneficiile implement\u0103rii unui astfel de standard sunt: \u00cendeplinirea politicii \u015fi a obiectivelor organiza\u0163iei; C\u00e2\u015ftigarea \u00eencrederii clien\u0163ilor; Cre\u015fterea satisfac\u0163iei clien\u0163ilor; \u00cembun\u0103t\u0103\u0163irea continua a performan\u0163ei [&hellip;]<\/p>\n","protected":false},"author":1,"featured_media":0,"parent":0,"menu_order":0,"comment_status":"closed","ping_status":"closed","template":"","meta":{"footnotes":""},"class_list":["post-50","page","type-page","status-publish","hentry"],"_links":{"self":[{"href":"https:\/\/romarin.ro\/index.php?rest_route=\/wp\/v2\/pages\/50","targetHints":{"allow":["GET"]}}],"collection":[{"href":"https:\/\/romarin.ro\/index.php?rest_route=\/wp\/v2\/pages"}],"about":[{"href":"https:\/\/romarin.ro\/index.php?rest_route=\/wp\/v2\/types\/page"}],"author":[{"embeddable":true,"href":"https:\/\/romarin.ro\/index.php?rest_route=\/wp\/v2\/users\/1"}],"replies":[{"embeddable":true,"href":"https:\/\/romarin.ro\/index.php?rest_route=%2Fwp%2Fv2%2Fcomments&post=50"}],"version-history":[{"count":2,"href":"https:\/\/romarin.ro\/index.php?rest_route=\/wp\/v2\/pages\/50\/revisions"}],"predecessor-version":[{"id":68,"href":"https:\/\/romarin.ro\/index.php?rest_route=\/wp\/v2\/pages\/50\/revisions\/68"}],"wp:attachment":[{"href":"https:\/\/romarin.ro\/index.php?rest_route=%2Fwp%2Fv2%2Fmedia&parent=50"}],"curies":[{"name":"wp","href":"https:\/\/api.w.org\/{rel}","templated":true}]}}