{"id":2,"date":"2026-05-10T09:19:38","date_gmt":"2026-05-10T09:19:38","guid":{"rendered":"https:\/\/romarin.ro\/?page_id=2"},"modified":"2026-05-10T11:37:17","modified_gmt":"2026-05-10T11:37:17","slug":"sample-page","status":"publish","type":"page","link":"https:\/\/romarin.ro\/","title":{"rendered":"ROMARIN"},"content":{"rendered":"\r\n<p><strong>ROMARIN SRL<\/strong>\u00a0a luat fiin\u0163\u0103 \u00een anul 2004 \u015fi este abilitat\u0103 s\u0103 presteze:<\/p>\r\n\r\n\r\n\r\n<p>\u00b7\u00a0\u00a0\u00a0\u00a0\u00a0\u00a0\u00a0\u00a0\u00a0consultan\u0163\u0103\/servicii de securitate \u015fi s\u0103n\u0103tate \u00een munc\u0103 (protec\u0163ia muncii)<\/p>\r\n\r\n\r\n\r\n<p>\u00b7\u00a0\u00a0\u00a0\u00a0\u00a0\u00a0\u00a0\u00a0\u00a0consultan\u0163\u0103\/servicii pentru situa\u0163ii de urgen\u0163\u0103 (PSI);<\/p>\r\n\r\n\r\n\r\n<p>\u00b7\u00a0\u00a0\u00a0\u00a0\u00a0\u00a0\u00a0\u00a0\u00a0consultan\u0163\u0103\/servicii de protec\u0163ia mediului;<\/p>\r\n\r\n\r\n\r\n<p>\u00b7\u00a0\u00a0\u00a0\u00a0\u00a0\u00a0\u00a0\u00a0\u00a0consultan\u0163\u0103 privind implementarea sistemelor de management:\u00a0ISO 9001; ISO 14001; OHSAS 18001; HACCP\/ISO 22000;<\/p>\r\n\r\n\r\n\r\n<p>\u00b7\u00a0\u00a0\u00a0\u00a0\u00a0\u00a0\u00a0\u00a0\u00a0consultan\u0163\u0103 \u00een managementul resurselor umane;<\/p>\r\n\r\n\r\n\r\n<p>Echipa Romarin cu o vast\u0103 experien\u0163\u0103 \u00een domeniu,\u00a0\u00ee\u015fi propune s\u0103 promoveze un sistem de management proactiv modern \u015fi profesional orientat c\u0103tre: cre\u015fterea satisfac\u0163iei clientilor, \u00eendeplinirea \u00eendatoririlor legale ce revin angajatorului, prevenirea evenimentelor nedorite (incidente\/accidente de munc\u0103, avarii, incendii), formarea unei culturi de prevenire a riscurilor \u015fi protejare a mediului.<\/p>\r\n\r\n\r\n\r\n<p>Valorile Romarin sunt seriozitatea, profesionalismul, respectul fa\u0163\u0103 de client, flexibilitate \u015fi adaptabilitate la cerin\u0163ele clientului pentru a oferi acestuia servicii de \u00eenalt\u0103 calitate.<\/p>\r\n<p>Pentru a afla mai multe despre serviciile firmei noastre, v\u0103 rug\u0103m s\u0103 selecta\u021bi op\u021biunea dorit\u0103 din meniul de subsol.<\/p>\r\n<p>Alternativ, v\u0103 rug\u0103m s\u0103 ne scrie\u021bi la adresa email office [at] romarin.ro .<\/p>\r\n<p>&nbsp;<\/p>\r\n","protected":false},"excerpt":{"rendered":"<p>ROMARIN SRL\u00a0a luat fiin\u0163\u0103 \u00een anul 2004 \u015fi este abilitat\u0103 s\u0103 presteze: \u00b7\u00a0\u00a0\u00a0\u00a0\u00a0\u00a0\u00a0\u00a0\u00a0consultan\u0163\u0103\/servicii de securitate \u015fi s\u0103n\u0103tate \u00een munc\u0103 (protec\u0163ia muncii) \u00b7\u00a0\u00a0\u00a0\u00a0\u00a0\u00a0\u00a0\u00a0\u00a0consultan\u0163\u0103\/servicii pentru situa\u0163ii de urgen\u0163\u0103 (PSI); \u00b7\u00a0\u00a0\u00a0\u00a0\u00a0\u00a0\u00a0\u00a0\u00a0consultan\u0163\u0103\/servicii de protec\u0163ia mediului; \u00b7\u00a0\u00a0\u00a0\u00a0\u00a0\u00a0\u00a0\u00a0\u00a0consultan\u0163\u0103 privind implementarea sistemelor de management:\u00a0ISO 9001; ISO 14001; OHSAS 18001; HACCP\/ISO 22000; \u00b7\u00a0\u00a0\u00a0\u00a0\u00a0\u00a0\u00a0\u00a0\u00a0consultan\u0163\u0103 \u00een managementul resurselor umane; Echipa Romarin cu o vast\u0103 experien\u0163\u0103 [&hellip;]<\/p>\n","protected":false},"author":1,"featured_media":0,"parent":0,"menu_order":0,"comment_status":"closed","ping_status":"open","template":"","meta":{"footnotes":""},"class_list":["post-2","page","type-page","status-publish","hentry"],"_links":{"self":[{"href":"https:\/\/romarin.ro\/index.php?rest_route=\/wp\/v2\/pages\/2","targetHints":{"allow":["GET"]}}],"collection":[{"href":"https:\/\/romarin.ro\/index.php?rest_route=\/wp\/v2\/pages"}],"about":[{"href":"https:\/\/romarin.ro\/index.php?rest_route=\/wp\/v2\/types\/page"}],"author":[{"embeddable":true,"href":"https:\/\/romarin.ro\/index.php?rest_route=\/wp\/v2\/users\/1"}],"replies":[{"embeddable":true,"href":"https:\/\/romarin.ro\/index.php?rest_route=%2Fwp%2Fv2%2Fcomments&post=2"}],"version-history":[{"count":5,"href":"https:\/\/romarin.ro\/index.php?rest_route=\/wp\/v2\/pages\/2\/revisions"}],"predecessor-version":[{"id":70,"href":"https:\/\/romarin.ro\/index.php?rest_route=\/wp\/v2\/pages\/2\/revisions\/70"}],"wp:attachment":[{"href":"https:\/\/romarin.ro\/index.php?rest_route=%2Fwp%2Fv2%2Fmedia&parent=2"}],"curies":[{"name":"wp","href":"https:\/\/api.w.org\/{rel}","templated":true}]}}